{"id":117,"date":"2025-06-03T09:05:09","date_gmt":"2025-06-03T07:05:09","guid":{"rendered":"https:\/\/didierdecanniere.be\/?page_id=117"},"modified":"2025-06-03T11:00:57","modified_gmt":"2025-06-03T09:00:57","slug":"a-propos","status":"publish","type":"page","link":"https:\/\/didierdecanniere.be\/index.php\/a-propos\/","title":{"rendered":"A propos"},"content":{"rendered":"\t\t<div data-elementor-type=\"wp-page\" data-elementor-id=\"117\" class=\"elementor elementor-117\" data-elementor-post-type=\"page\">\n\t\t\t\t<div class=\"elementor-element elementor-element-5af1d53 e-flex e-con-boxed e-con e-parent\" data-id=\"5af1d53\" data-element_type=\"container\">\n\t\t\t\t\t<div class=\"e-con-inner\">\n\t\t\t\t<div class=\"elementor-element elementor-element-6d9e898 elementor-nav-menu__align-end elementor-nav-menu--dropdown-tablet elementor-nav-menu__text-align-aside elementor-nav-menu--toggle elementor-nav-menu--burger elementor-widget elementor-widget-nav-menu\" data-id=\"6d9e898\" data-element_type=\"widget\" data-settings=\"{&quot;layout&quot;:&quot;horizontal&quot;,&quot;submenu_icon&quot;:{&quot;value&quot;:&quot;&lt;svg class=\\&quot;e-font-icon-svg e-fas-caret-down\\&quot; viewBox=\\&quot;0 0 320 512\\&quot; xmlns=\\&quot;http:\\\/\\\/www.w3.org\\\/2000\\\/svg\\&quot;&gt;&lt;path d=\\&quot;M31.3 192h257.3c17.8 0 26.7 21.5 14.1 34.1L174.1 354.8c-7.8 7.8-20.5 7.8-28.3 0L17.2 226.1C4.6 213.5 13.5 192 31.3 192z\\&quot;&gt;&lt;\\\/path&gt;&lt;\\\/svg&gt;&quot;,&quot;library&quot;:&quot;fa-solid&quot;},&quot;toggle&quot;:&quot;burger&quot;}\" data-widget_type=\"nav-menu.default\">\n\t\t\t\t<div class=\"elementor-widget-container\">\n\t\t\t\t\t\t\t\t<nav aria-label=\"Menu\" class=\"elementor-nav-menu--main elementor-nav-menu__container elementor-nav-menu--layout-horizontal e--pointer-underline e--animation-fade\">\n\t\t\t\t<ul id=\"menu-1-6d9e898\" class=\"elementor-nav-menu\"><li class=\"menu-item menu-item-type-post_type menu-item-object-page menu-item-home menu-item-147\"><a href=\"https:\/\/didierdecanniere.be\/\" class=\"elementor-item\">Accueil<\/a><\/li>\n<li class=\"menu-item menu-item-type-post_type menu-item-object-page menu-item-146\"><a href=\"https:\/\/didierdecanniere.be\/index.php\/a-propos\/\" class=\"elementor-item\">A propos<\/a><\/li>\n<\/ul>\t\t\t<\/nav>\n\t\t\t\t\t<div class=\"elementor-menu-toggle\" role=\"button\" tabindex=\"0\" aria-label=\"Menu Toggle\" aria-expanded=\"false\">\n\t\t\t<svg aria-hidden=\"true\" role=\"presentation\" class=\"elementor-menu-toggle__icon--open e-font-icon-svg e-eicon-menu-bar\" viewBox=\"0 0 1000 1000\" xmlns=\"http:\/\/www.w3.org\/2000\/svg\"><path d=\"M104 333H896C929 333 958 304 958 271S929 208 896 208H104C71 208 42 237 42 271S71 333 104 333ZM104 583H896C929 583 958 554 958 521S929 458 896 458H104C71 458 42 487 42 521S71 583 104 583ZM104 833H896C929 833 958 804 958 771S929 708 896 708H104C71 708 42 737 42 771S71 833 104 833Z\"><\/path><\/svg><svg aria-hidden=\"true\" role=\"presentation\" class=\"elementor-menu-toggle__icon--close e-font-icon-svg e-eicon-close\" viewBox=\"0 0 1000 1000\" xmlns=\"http:\/\/www.w3.org\/2000\/svg\"><path d=\"M742 167L500 408 258 167C246 154 233 150 217 150 196 150 179 158 167 167 154 179 150 196 150 212 150 229 154 242 171 254L408 500 167 742C138 771 138 800 167 829 196 858 225 858 254 829L496 587 738 829C750 842 767 846 783 846 800 846 817 842 829 829 842 817 846 804 846 783 846 767 842 750 829 737L588 500 833 258C863 229 863 200 833 171 804 137 775 137 742 167Z\"><\/path><\/svg>\t\t<\/div>\n\t\t\t\t\t<nav class=\"elementor-nav-menu--dropdown elementor-nav-menu__container\" aria-hidden=\"true\">\n\t\t\t\t<ul id=\"menu-2-6d9e898\" class=\"elementor-nav-menu\"><li class=\"menu-item menu-item-type-post_type menu-item-object-page menu-item-home menu-item-147\"><a href=\"https:\/\/didierdecanniere.be\/\" class=\"elementor-item\" tabindex=\"-1\">Accueil<\/a><\/li>\n<li class=\"menu-item menu-item-type-post_type menu-item-object-page menu-item-146\"><a href=\"https:\/\/didierdecanniere.be\/index.php\/a-propos\/\" class=\"elementor-item\" tabindex=\"-1\">A propos<\/a><\/li>\n<\/ul>\t\t\t<\/nav>\n\t\t\t\t\t\t<\/div>\n\t\t\t\t<\/div>\n\t\t\t\t\t<\/div>\n\t\t\t\t<\/div>\n\t\t<div class=\"elementor-element elementor-element-5d7431a0 e-con-full e-flex e-con e-parent\" data-id=\"5d7431a0\" data-element_type=\"container\" data-settings=\"{&quot;background_background&quot;:&quot;gradient&quot;}\">\n\t\t<div class=\"elementor-element elementor-element-7ddc1eaa e-con-full e-flex e-con e-child\" data-id=\"7ddc1eaa\" data-element_type=\"container\">\n\t\t\t\t<div class=\"elementor-element elementor-element-5bd1905c elementor-widget-tablet__width-inherit elementor-cta--skin-classic elementor-animated-content elementor-bg-transform elementor-bg-transform-zoom-in elementor-widget elementor-widget-call-to-action\" data-id=\"5bd1905c\" data-element_type=\"widget\" data-widget_type=\"call-to-action.default\">\n\t\t\t\t<div class=\"elementor-widget-container\">\n\t\t\t\t\t\t\t<div class=\"elementor-cta\">\n\t\t\t\t\t<div class=\"elementor-cta__bg-wrapper\">\n\t\t\t\t<div class=\"elementor-cta__bg elementor-bg\" style=\"background-image: url(https:\/\/didierdecanniere.be\/wp-content\/uploads\/2025\/06\/didier.jpg);\" role=\"img\" aria-label=\"didier\"><\/div>\n\t\t\t\t<div class=\"elementor-cta__bg-overlay\"><\/div>\n\t\t\t<\/div>\n\t\t\t\t\t\t\t\t<\/div>\n\t\t\t\t\t\t<\/div>\n\t\t\t\t<\/div>\n\t\t\t\t<div class=\"elementor-element elementor-element-202d1a72 elementor-widget__width-initial elementor-absolute elementor-widget elementor-widget-spacer\" data-id=\"202d1a72\" data-element_type=\"widget\" data-settings=\"{&quot;_position&quot;:&quot;absolute&quot;}\" data-widget_type=\"spacer.default\">\n\t\t\t\t<div class=\"elementor-widget-container\">\n\t\t\t\t\t\t\t<div class=\"elementor-spacer\">\n\t\t\t<div class=\"elementor-spacer-inner\"><\/div>\n\t\t<\/div>\n\t\t\t\t\t\t<\/div>\n\t\t\t\t<\/div>\n\t\t\t\t<\/div>\n\t\t<div class=\"elementor-element elementor-element-6b392365 e-con-full e-flex e-con e-child\" data-id=\"6b392365\" data-element_type=\"container\">\n\t\t\t\t<div class=\"elementor-element elementor-element-5ee24d78 elementor-widget elementor-widget-heading\" data-id=\"5ee24d78\" data-element_type=\"widget\" data-widget_type=\"heading.default\">\n\t\t\t\t<div class=\"elementor-widget-container\">\n\t\t\t\t\t<h2 class=\"elementor-heading-title elementor-size-default\">A <b>propos<\/b><\/h2>\t\t\t\t<\/div>\n\t\t\t\t<\/div>\n\t\t\t\t<div class=\"elementor-element elementor-element-7d79aeef elementor-widget elementor-widget-text-editor\" data-id=\"7d79aeef\" data-element_type=\"widget\" data-widget_type=\"text-editor.default\">\n\t\t\t\t<div class=\"elementor-widget-container\">\n\t\t\t\t\t\t\t\t\t<p>Didier De Canni\u00e8re, MD, PhD, a obtenu son dipl\u00f4me avec la plus grande distinction de l\u2019Universit\u00e9 Libre de Bruxelles (ULB) en 1984. Il a obtenu son doctorat (PhD) en 1996 et est actuellement professeur de chirurgie cardiaque, Chef honoraire du d\u00e9partement de chirurgie et chef du service de chirurgie cardiaque \u00e0 l\u2019H\u00f4pital Universitaire Saint-Pierre \u00e0 Bruxelles, en Belgique, o\u00f9 il exerce d\u00e9sormais en tant que consultant en chirurgie cardiaque.<\/p><p>Il y a dix ans, il est revenu des \u00c9tats-Unis, o\u00f9 il a occup\u00e9 le poste de chef de la chirurgie cardiaque mini-invasive et co-directeur de l\u2019Institut d\u2019Innovation Chirurgicale de l\u2019Universit\u00e9 de Miami (2009\u20132013). Auparavant, il \u00e9tait professeur et chef du service de chirurgie cardiaque aux Cliniques Universitaires Erasme et \u00e0 l\u2019H\u00f4pital Universitaire Tivoli, tous deux affili\u00e9s \u00e0 l\u2019ULB (2004-2009) . Il a \u00e9galement \u00e9t\u00e9 professeur invit\u00e9 \u00e0 l\u2019Universit\u00e9 de Paris (H\u00f4pital Henri Mondor, Cr\u00e9teil, France) et a \u00e9t\u00e9 nomm\u00e9 \u00ab Clinical Professor \u00bb de chirurgie cardiaque \u00e0 l\u2019Universit\u00e9 de l\u2019Ohio (Columbus, OH, \u00c9tats-Unis) en 2000.<\/p><p>Le Pr De Canni\u00e8re a obtenu le titre d\u2019agr\u00e9g\u00e9 de l\u2019enseignement sup\u00e9rieur en sciences chirurgicales (PhD) pour ses contributions \u00e0 la compr\u00e9hension de l\u2019h\u00e9modynamique pulsatile dans la circulation pulmonaire (1996). Il a obtenu la bourse de recherche Jean-Marie Verbeke de la Fondation Erasmus (1990) et a acquis une exp\u00e9rience en tant que Senior Registrar en chirurgie cardiaque cong\u00e9nitale \u00e0 la Harley Street Clinic de Londres (1994).<\/p><p>Dot\u00e9 d\u2019une expertise \u00e9tendue dans tous les domaines de la chirurgie cardiaque adulte, y compris la transplantation, les dispositifs d\u2019assistance ventriculaires (LVAD), les interventions complexes sur l\u2019aorte, la r\u00e9paration valvulaire, les pontages coronariens sans CEC, etc., il a \u00e9galement r\u00e9alis\u00e9 plus de 800 chirurgies cardiaques mini-invasives entre 1996 et 2013. L\u2019un des 4 pionniers mondiaux de la chirurgie robotique, il a d\u00e9velopp\u00e9 l\u2019un des plus importants programmes mondiaux de proc\u00e9dures totalement endothoraciques, tant sur coeur battant (pontage coronaire) que sur coeur arr\u00eat\u00e9 (r\u00e9paration mitrale, resynchronisation biventriculaire).<\/p><p>Sp\u00e9cialiste reconnu de la chirurgie isol\u00e9e de la valve tricuspide, avec l\u2019un des plus grands volumes de cas au monde, il continue \u00e0 travailler sur le d\u00e9veloppement de nouvelles approches et strat\u00e9gies dans ce domaine.<\/p>\t\t\t\t\t\t\t\t<\/div>\n\t\t\t\t<\/div>\n\t\t\t\t<\/div>\n\t\t\t\t<\/div>\n\t\t<div class=\"elementor-element elementor-element-925c1ce e-con-full e-flex e-con e-parent\" data-id=\"925c1ce\" data-element_type=\"container\" data-settings=\"{&quot;background_background&quot;:&quot;classic&quot;}\">\n\t\t<div class=\"elementor-element elementor-element-1169f32 e-con-full e-flex e-con e-child\" data-id=\"1169f32\" data-element_type=\"container\">\n\t\t\t\t<div class=\"elementor-element elementor-element-0b47aef elementor-widget-tablet__width-inherit elementor-hidden-mobile elementor-cta--skin-classic elementor-animated-content elementor-bg-transform elementor-bg-transform-zoom-in elementor-widget elementor-widget-call-to-action\" data-id=\"0b47aef\" data-element_type=\"widget\" data-widget_type=\"call-to-action.default\">\n\t\t\t\t<div class=\"elementor-widget-container\">\n\t\t\t\t\t\t\t<div class=\"elementor-cta\">\n\t\t\t\t\t<div class=\"elementor-cta__bg-wrapper\">\n\t\t\t\t<div class=\"elementor-cta__bg elementor-bg\" style=\"background-image: url(https:\/\/didierdecanniere.be\/wp-content\/uploads\/2025\/06\/didier02.jpg);\" role=\"img\" aria-label=\"didier02\"><\/div>\n\t\t\t\t<div class=\"elementor-cta__bg-overlay\"><\/div>\n\t\t\t<\/div>\n\t\t\t\t\t\t\t\t<\/div>\n\t\t\t\t\t\t<\/div>\n\t\t\t\t<\/div>\n\t\t\t\t<div class=\"elementor-element elementor-element-69a9b90 elementor-widget__width-initial elementor-absolute elementor-widget elementor-widget-spacer\" data-id=\"69a9b90\" data-element_type=\"widget\" data-settings=\"{&quot;_position&quot;:&quot;absolute&quot;}\" data-widget_type=\"spacer.default\">\n\t\t\t\t<div class=\"elementor-widget-container\">\n\t\t\t\t\t\t\t<div class=\"elementor-spacer\">\n\t\t\t<div class=\"elementor-spacer-inner\"><\/div>\n\t\t<\/div>\n\t\t\t\t\t\t<\/div>\n\t\t\t\t<\/div>\n\t\t\t\t<div class=\"elementor-element elementor-element-64a70ea elementor-widget__width-initial elementor-absolute elementor-widget elementor-widget-spacer\" data-id=\"64a70ea\" data-element_type=\"widget\" data-settings=\"{&quot;_position&quot;:&quot;absolute&quot;}\" data-widget_type=\"spacer.default\">\n\t\t\t\t<div class=\"elementor-widget-container\">\n\t\t\t\t\t\t\t<div class=\"elementor-spacer\">\n\t\t\t<div class=\"elementor-spacer-inner\"><\/div>\n\t\t<\/div>\n\t\t\t\t\t\t<\/div>\n\t\t\t\t<\/div>\n\t\t\t\t<\/div>\n\t\t<div class=\"elementor-element elementor-element-dffafdc e-con-full e-flex e-con e-child\" data-id=\"dffafdc\" data-element_type=\"container\">\n\t\t\t\t<div class=\"elementor-element elementor-element-a59da28 elementor-widget-tablet__width-inherit elementor-hidden-desktop elementor-hidden-tablet elementor-cta--skin-classic elementor-animated-content elementor-bg-transform elementor-bg-transform-zoom-in elementor-widget elementor-widget-call-to-action\" data-id=\"a59da28\" data-element_type=\"widget\" data-widget_type=\"call-to-action.default\">\n\t\t\t\t<div class=\"elementor-widget-container\">\n\t\t\t\t\t\t\t<div class=\"elementor-cta\">\n\t\t\t\t\t<div class=\"elementor-cta__bg-wrapper\">\n\t\t\t\t<div class=\"elementor-cta__bg elementor-bg\" style=\"background-image: url(https:\/\/didierdecanniere.be\/wp-content\/uploads\/2025\/06\/didier02.jpg);\" role=\"img\" aria-label=\"didier02\"><\/div>\n\t\t\t\t<div class=\"elementor-cta__bg-overlay\"><\/div>\n\t\t\t<\/div>\n\t\t\t\t\t\t\t\t<\/div>\n\t\t\t\t\t\t<\/div>\n\t\t\t\t<\/div>\n\t\t\t\t<div class=\"elementor-element elementor-element-2c1cd21 elementor-widget elementor-widget-text-editor\" data-id=\"2c1cd21\" data-element_type=\"widget\" data-widget_type=\"text-editor.default\">\n\t\t\t\t<div class=\"elementor-widget-container\">\n\t\t\t\t\t\t\t\t\t<p>Le Dr De Canni\u00e8re a occup\u00e9 des fonctions de leadership dans diverses soci\u00e9t\u00e9s professionnelles, notamment en tant que membre du conseil d\u2019administration de l\u2019International Society of Minimally Invasive Cardiac Surgery (ISMICS) et conseiller aupr\u00e8s du conseil de l\u2019European Society of Cardiovascular Surgery (ESCVS). Il a \u00e9galement \u00e9t\u00e9 codirecteur du European Course for Minimally Invasive Cardiac Surgery (ECMICS), soutenu par l\u2019ESCVS, et membre du comit\u00e9 \u00e9ditorial de Heart Surgery Forum.<\/p><p>Expert en technologies m\u00e9dicales innovantes, il a \u00e9t\u00e9 conseiller de la FDA pour le programme am\u00e9ricain de chirurgie cardiaque robotique et expert \u00e9valuateur pour les organismes de r\u00e9glementation europ\u00e9ens charg\u00e9s de l\u2019\u00e9valuation des nouvelles technologies cardiovasculaires. Notamment, il a \u00e9t\u00e9 le seul expert \u00e9valuateur des donn\u00e9es cliniques ayant conduit \u00e0 la certification CE de la valve aortique transcath\u00e9ter Edwards Sapien (TAVI) et du coeur artificiel total CARMAT, deux innovations majeures en m\u00e9decine du coeur. Il a \u00e9galement \u00e9t\u00e9 conseiller de la Banque Nationale d\u2019Investissement (BNI) en France et membre du conseil d\u2019administration de plusieurs entreprises de technologies m\u00e9dicales.<\/p><p>Conf\u00e9rencier recherch\u00e9, le Dr De Canni\u00e8re a donn\u00e9 plus de 150 conf\u00e9rences sur invitation dans des congr\u00e8s internationaux et a r\u00e9alis\u00e9 des d\u00e9monstrations chirurgicales en direct diffus\u00e9es lors de r\u00e9unions mondiales \u00e0 New York, New Delhi, Tokyo, Djeddah, Ath\u00e8nes et ailleurs. Son expertise chirurgicale lui a valu d\u2019\u00eatre invit\u00e9 \u00e0 op\u00e9rer \u00e0 Paris, Londres, New York et au Texas, ainsi qu\u2019en Afrique, \u00e0 l\u2019\u00eele Maurice, en Inde et au Japon.<\/p><p>Il a \u00e9t\u00e9 investigateur principal en Belgique pour plusieurs essais internationaux multicentriques (ex. : l\u2019essai MAGIC). De plus, il a jou\u00e9 un r\u00f4le cl\u00e9 dans la cr\u00e9ation d\u2019un service de chirurgie cardiaque en Afrique centrale (Yaound\u00e9, Cameroun) en collaboration avec le gouvernement camerounais (voir le documentaire Didier l\u2019Africain).<\/p><p>Le Dr De Canni\u00e8re est \u00e9galement un entrepreneur m\u00e9dical. Il a cofond\u00e9 Cardiolife Research, qui a d\u00e9velopp\u00e9 trois dispositifs m\u00e9dicaux de classe II et III approuv\u00e9s par la FDA avant d\u2019\u00eatre rachet\u00e9 par St. Jude Medical en 2004. Il a ensuite cofond\u00e9 CorQuest Medical, qui a mis au point plusieurs dispositifs cardiovasculaires brevet\u00e9s avant d\u2019\u00eatre acquis par Celyad, une soci\u00e9t\u00e9 cot\u00e9e au NASDAQ et \u00e0 Euronext.<\/p><p>Actuellement, il est cofondateur et directeur m\u00e9dical (CMO) de CorQuest MedTech, une soci\u00e9t\u00e9 d\u00e9veloppant un implant cardiaque transcath\u00e9ter pour traiter l\u2019insuffisance mitrale (www.corquest.tech).<\/p><p>Au-del\u00e0 de son engagement dans l\u2019innovation chirurgicale, son int\u00e9r\u00eat s\u2019est progressivement orient\u00e9 vers l\u2019int\u00e9gration des technologies dans les salles hybrides interventionnelles au d\u00e9but des ann\u00e9es 2000, pour aujourd\u2019hui se passionner pour le paradigme \u00e9mergent et disruptif de la m\u00e9decine de pr\u00e9cision et de la science de la long\u00e9vit\u00e9, un domaine qu\u2019il d\u00e9veloppe avec enthousiasme aux c\u00f4t\u00e9s de son brillante partenaire et amie de longue date, le Dr Laure Ysebrant de Lendonck, MD, PhD (immunologie). Il donne des conf\u00e9rences, fruits de sa carri\u00e8re dans un domaine de pointe de la m\u00e9decine technologique sur les avanc\u00e9es de celle-ci, sur le transhumanisme et aborde les questions philosophiques, les risques et les b\u00e9n\u00e9fices qui y sont li\u00e9s.<\/p><p>Le Dr De Canni\u00e8re parle le fran\u00e7ais, l\u2019anglais, le n\u00e9erlandais et l\u2019espagnol.<\/p>\t\t\t\t\t\t\t\t<\/div>\n\t\t\t\t<\/div>\n\t\t\t\t<\/div>\n\t\t\t\t<\/div>\n\t\t\t\t<\/div>\n\t\t","protected":false},"excerpt":{"rendered":"<p>A propos Didier De Canni\u00e8re, MD, PhD, a obtenu son dipl\u00f4me avec la plus grande distinction de l\u2019Universit\u00e9 Libre de Bruxelles (ULB) en 1984. Il a obtenu son doctorat (PhD) en 1996 et est actuellement professeur de chirurgie cardiaque, Chef honoraire du d\u00e9partement de chirurgie et chef du service de chirurgie cardiaque \u00e0 l\u2019H\u00f4pital Universitaire [&hellip;]<\/p>\n","protected":false},"author":1,"featured_media":0,"parent":0,"menu_order":0,"comment_status":"closed","ping_status":"closed","template":"elementor_canvas","meta":{"elearning_layout":"tg-site-layout--default","elearning_remove_content_margin":false,"elearning_sidebar":"default","elearning_transparent_header":"customizer","elearning_logo":0,"elearning_header_style":"default","elearning_menu_item_color":"","elearning_menu_item_hover_color":"","elearning_menu_item_active_color":"","elearning_menu_item_active_style":"","elearning_page_header":true,"footnotes":""},"class_list":["post-117","page","type-page","status-publish","hentry"],"_links":{"self":[{"href":"https:\/\/didierdecanniere.be\/index.php\/wp-json\/wp\/v2\/pages\/117","targetHints":{"allow":["GET"]}}],"collection":[{"href":"https:\/\/didierdecanniere.be\/index.php\/wp-json\/wp\/v2\/pages"}],"about":[{"href":"https:\/\/didierdecanniere.be\/index.php\/wp-json\/wp\/v2\/types\/page"}],"author":[{"embeddable":true,"href":"https:\/\/didierdecanniere.be\/index.php\/wp-json\/wp\/v2\/users\/1"}],"replies":[{"embeddable":true,"href":"https:\/\/didierdecanniere.be\/index.php\/wp-json\/wp\/v2\/comments?post=117"}],"version-history":[{"count":67,"href":"https:\/\/didierdecanniere.be\/index.php\/wp-json\/wp\/v2\/pages\/117\/revisions"}],"predecessor-version":[{"id":238,"href":"https:\/\/didierdecanniere.be\/index.php\/wp-json\/wp\/v2\/pages\/117\/revisions\/238"}],"wp:attachment":[{"href":"https:\/\/didierdecanniere.be\/index.php\/wp-json\/wp\/v2\/media?parent=117"}],"curies":[{"name":"wp","href":"https:\/\/api.w.org\/{rel}","templated":true}]}}