{"id":6,"date":"2025-05-30T12:33:14","date_gmt":"2025-05-30T10:33:14","guid":{"rendered":"https:\/\/didierdecanniere.be\/?page_id=6"},"modified":"2025-12-15T11:28:06","modified_gmt":"2025-12-15T10:28:06","slug":"accueil","status":"publish","type":"page","link":"https:\/\/didierdecanniere.be\/","title":{"rendered":"accueil"},"content":{"rendered":"\t\t<div data-elementor-type=\"wp-page\" data-elementor-id=\"6\" class=\"elementor elementor-6\" data-elementor-post-type=\"page\">\n\t\t\t\t<div class=\"elementor-element elementor-element-1a086e53 e-flex e-con-boxed e-con e-parent\" data-id=\"1a086e53\" data-element_type=\"container\" data-settings=\"{&quot;background_background&quot;:&quot;classic&quot;,&quot;motion_fx_motion_fx_mouse&quot;:&quot;yes&quot;}\">\n\t\t\t\t\t<div class=\"e-con-inner\">\n\t\t<div class=\"elementor-element elementor-element-7f99b17a e-con-full e-flex e-con e-child\" data-id=\"7f99b17a\" data-element_type=\"container\">\n\t\t\t\t<div class=\"elementor-element elementor-element-49e39156 elementor-widget elementor-widget-heading\" data-id=\"49e39156\" data-element_type=\"widget\" data-widget_type=\"heading.default\">\n\t\t\t\t<div class=\"elementor-widget-container\">\n\t\t\t\t\t<h1 class=\"elementor-heading-title elementor-size-default\">Didier<br>De Canni\u00e8re<\/h1>\t\t\t\t<\/div>\n\t\t\t\t<\/div>\n\t\t\t\t<div class=\"elementor-element elementor-element-6ce8533 elementor-widget elementor-widget-text-editor\" data-id=\"6ce8533\" data-element_type=\"widget\" data-widget_type=\"text-editor.default\">\n\t\t\t\t<div class=\"elementor-widget-container\">\n\t\t\t\t\t\t\t\t\t<p>Chirurgien cardiovasculaire \u00b7 M\u00e9decine de pr\u00e9cision \u00b7 Long\u00e9vit\u00e9 humaine<\/p>\t\t\t\t\t\t\t\t<\/div>\n\t\t\t\t<\/div>\n\t\t\t\t<div class=\"elementor-element elementor-element-68aa1802 elementor-widget elementor-widget-text-editor\" data-id=\"68aa1802\" data-element_type=\"widget\" data-widget_type=\"text-editor.default\">\n\t\t\t\t<div class=\"elementor-widget-container\">\n\t\t\t\t\t\t\t\t\t<p>De la chirurgie du c\u0153ur \u00e0 la science de la long\u00e9vit\u00e9 : une approche personnalis\u00e9e, fond\u00e9e sur la technologie, l\u2019\u00e9motion et l\u2019\u00e9coute.<\/p>\t\t\t\t\t\t\t\t<\/div>\n\t\t\t\t<\/div>\n\t\t\t\t<div class=\"elementor-element elementor-element-df60377 elementor-align-center elementor-widget elementor-widget-button\" data-id=\"df60377\" data-element_type=\"widget\" data-widget_type=\"button.default\">\n\t\t\t\t<div class=\"elementor-widget-container\">\n\t\t\t\t\t\t\t\t\t<div class=\"elementor-button-wrapper\">\n\t\t\t\t\t<a class=\"elementor-button elementor-button-link elementor-size-sm elementor-animation-shrink\" href=\"https:\/\/didierdecanniere.be\/index.php\/a-propos\/\">\n\t\t\t\t\t\t<span class=\"elementor-button-content-wrapper\">\n\t\t\t\t\t\t\t\t\t<span class=\"elementor-button-text\">En savoir plus<\/span>\n\t\t\t\t\t<\/span>\n\t\t\t\t\t<\/a>\n\t\t\t\t<\/div>\n\t\t\t\t\t\t\t\t<\/div>\n\t\t\t\t<\/div>\n\t\t\t\t<\/div>\n\t\t\t\t\t<\/div>\n\t\t\t\t<\/div>\n\t\t<div class=\"elementor-element elementor-element-29c16fd2 e-con-full e-flex e-con e-parent\" data-id=\"29c16fd2\" data-element_type=\"container\" data-settings=\"{&quot;background_background&quot;:&quot;gradient&quot;}\">\n\t\t<div class=\"elementor-element elementor-element-ede3c7e e-con-full e-flex e-con e-child\" data-id=\"ede3c7e\" data-element_type=\"container\">\n\t\t\t\t<div class=\"elementor-element elementor-element-7be45ee elementor-widget-tablet__width-inherit elementor-cta--skin-classic elementor-animated-content elementor-bg-transform elementor-bg-transform-zoom-in elementor-widget elementor-widget-call-to-action\" data-id=\"7be45ee\" data-element_type=\"widget\" data-widget_type=\"call-to-action.default\">\n\t\t\t\t<div class=\"elementor-widget-container\">\n\t\t\t\t\t\t\t<div class=\"elementor-cta\">\n\t\t\t\t\t<div class=\"elementor-cta__bg-wrapper\">\n\t\t\t\t<div class=\"elementor-cta__bg elementor-bg\" style=\"background-image: url(https:\/\/didierdecanniere.be\/wp-content\/uploads\/2025\/06\/didier03.jpg);\" role=\"img\" aria-label=\"didier03\"><\/div>\n\t\t\t\t<div class=\"elementor-cta__bg-overlay\"><\/div>\n\t\t\t<\/div>\n\t\t\t\t\t\t\t\t<\/div>\n\t\t\t\t\t\t<\/div>\n\t\t\t\t<\/div>\n\t\t\t\t<div class=\"elementor-element elementor-element-57698bb8 elementor-widget__width-initial elementor-absolute elementor-widget elementor-widget-spacer\" data-id=\"57698bb8\" data-element_type=\"widget\" data-settings=\"{&quot;_position&quot;:&quot;absolute&quot;}\" data-widget_type=\"spacer.default\">\n\t\t\t\t<div class=\"elementor-widget-container\">\n\t\t\t\t\t\t\t<div class=\"elementor-spacer\">\n\t\t\t<div class=\"elementor-spacer-inner\"><\/div>\n\t\t<\/div>\n\t\t\t\t\t\t<\/div>\n\t\t\t\t<\/div>\n\t\t\t\t<\/div>\n\t\t<div class=\"elementor-element elementor-element-245762c9 e-con-full e-flex e-con e-child\" data-id=\"245762c9\" data-element_type=\"container\">\n\t\t\t\t<div class=\"elementor-element elementor-element-54d16a7c elementor-widget elementor-widget-heading\" data-id=\"54d16a7c\" data-element_type=\"widget\" data-widget_type=\"heading.default\">\n\t\t\t\t<div class=\"elementor-widget-container\">\n\t\t\t\t\t<h2 class=\"elementor-heading-title elementor-size-default\">Mot de <br><b>bienvenue<\/b><\/h2>\t\t\t\t<\/div>\n\t\t\t\t<\/div>\n\t\t\t\t<div class=\"elementor-element elementor-element-25d0d36d elementor-widget elementor-widget-text-editor\" data-id=\"25d0d36d\" data-element_type=\"widget\" data-widget_type=\"text-editor.default\">\n\t\t\t\t<div class=\"elementor-widget-container\">\n\t\t\t\t\t\t\t\t\t<p data-start=\"819\" data-end=\"848\">Chers amis, chers patients,<\/p><p data-start=\"855\" data-end=\"1125\">Apr\u00e8s des ann\u00e9es consacr\u00e9es \u00e0 la chirurgie cardiovasculaire \u00e0 l\u2019h\u00f4pital Saint-Pierre et \u00e0 l\u2019innovation m\u00e9dicale via CorQuest Medtech, je m\u2019oriente aujourd\u2019hui vers une nouvelle \u00e9tape passionnante de ma pratique : la m\u00e9decine de pr\u00e9cision et la science de la long\u00e9vit\u00e9.<\/p><div><p>La m\u00e9decine ne se limite plus \u00e0 intervenir lorsque la maladie est install\u00e9e\u202f: elle \u00e9volue vers la pr\u00e9vention personnalis\u00e9e, fond\u00e9e sur l\u2019analyse fine et globale des facteurs de risque individuels\u00a0: une cardiologie orient\u00e9e <em>better aging<\/em>, visant \u00e0 anticiper, ralentir et pr\u00e9venir les pathologies cardiovasculaires avant leur expression clinique.<\/p><p>C\u2019est aujourd\u2019hui que vous \u00e9vitez l\u2019accident cardiaque ou c\u00e9r\u00e9bral pr\u00e9vu dans 10 ans \u2026<\/p><\/div><div><div class=\"gmail_signature\" dir=\"ltr\" data-smartmail=\"gmail_signature\"><div dir=\"ltr\"><div dir=\"ltr\"><div dir=\"ltr\"><div dir=\"ltr\">\u00a0<\/div><\/div><\/div><\/div><\/div><\/div><p>\u00a0<\/p>\t\t\t\t\t\t\t\t<\/div>\n\t\t\t\t<\/div>\n\t\t\t\t<div class=\"elementor-element elementor-element-5435d8b elementor-widget elementor-widget-image\" data-id=\"5435d8b\" data-element_type=\"widget\" data-widget_type=\"image.default\">\n\t\t\t\t<div class=\"elementor-widget-container\">\n\t\t\t\t\t\t\t\t\t\t\t\t\t\t\t<img fetchpriority=\"high\" decoding=\"async\" width=\"600\" height=\"349\" src=\"https:\/\/didierdecanniere.be\/wp-content\/uploads\/2025\/06\/sigle-CorQuest.png\" class=\"attachment-large size-large wp-image-83\" alt=\"\" srcset=\"https:\/\/didierdecanniere.be\/wp-content\/uploads\/2025\/06\/sigle-CorQuest.png 600w, https:\/\/didierdecanniere.be\/wp-content\/uploads\/2025\/06\/sigle-CorQuest-300x175.png 300w\" sizes=\"(max-width: 600px) 100vw, 600px\" \/>\t\t\t\t\t\t\t\t\t\t\t\t\t\t\t<\/div>\n\t\t\t\t<\/div>\n\t\t\t\t<\/div>\n\t\t\t\t<\/div>\n\t\t<div class=\"elementor-element elementor-element-45e878e3 e-flex e-con-boxed e-con e-parent\" data-id=\"45e878e3\" data-element_type=\"container\" data-settings=\"{&quot;background_background&quot;:&quot;classic&quot;}\">\n\t\t\t\t\t<div class=\"e-con-inner\">\n\t\t\t\t<div class=\"elementor-element elementor-element-07eb0e8 elementor-widget elementor-widget-heading\" data-id=\"07eb0e8\" data-element_type=\"widget\" data-widget_type=\"heading.default\">\n\t\t\t\t<div class=\"elementor-widget-container\">\n\t\t\t\t\t<h2 class=\"elementor-heading-title elementor-size-default\">Une approche holistique, <br>bas\u00e9e sur la <b>science<\/b>\u2026 et l\u2019<b>humain<\/b><\/h2>\t\t\t\t<\/div>\n\t\t\t\t<\/div>\n\t\t\t\t<div class=\"elementor-element elementor-element-98bb7f3 elementor-widget elementor-widget-text-editor\" data-id=\"98bb7f3\" data-element_type=\"widget\" data-widget_type=\"text-editor.default\">\n\t\t\t\t<div class=\"elementor-widget-container\">\n\t\t\t\t\t\t\t\t\t<p>\u00a0<\/p><p data-start=\"1942\" data-end=\"2169\">\u00a0<\/p>\t\t\t\t\t\t\t\t<\/div>\n\t\t\t\t<\/div>\n\t\t\t\t<div class=\"elementor-element elementor-element-ca4eaaa elementor-widget__width-inherit elementor-widget elementor-widget-text-editor\" data-id=\"ca4eaaa\" data-element_type=\"widget\" data-widget_type=\"text-editor.default\">\n\t\t\t\t<div class=\"elementor-widget-container\">\n\t\t\t\t\t\t\t\t\t<p><strong>Notre d\u00e9marche repose sur une synergie entre:<\/strong><\/p>\t\t\t\t\t\t\t\t<\/div>\n\t\t\t\t<\/div>\n\t\t\t\t<div class=\"elementor-element elementor-element-affb334 elementor-widget__width-inherit elementor-mobile-align-left elementor-icon-list--layout-traditional elementor-list-item-link-full_width elementor-widget elementor-widget-icon-list\" data-id=\"affb334\" data-element_type=\"widget\" data-widget_type=\"icon-list.default\">\n\t\t\t\t<div class=\"elementor-widget-container\">\n\t\t\t\t\t\t\t<ul class=\"elementor-icon-list-items\">\n\t\t\t\t\t\t\t<li class=\"elementor-icon-list-item\">\n\t\t\t\t\t\t\t\t\t\t\t<span class=\"elementor-icon-list-icon\">\n\t\t\t\t\t\t\t<svg aria-hidden=\"true\" class=\"e-font-icon-svg e-fas-check\" viewBox=\"0 0 512 512\" xmlns=\"http:\/\/www.w3.org\/2000\/svg\"><path d=\"M173.898 439.404l-166.4-166.4c-9.997-9.997-9.997-26.206 0-36.204l36.203-36.204c9.997-9.998 26.207-9.998 36.204 0L192 312.69 432.095 72.596c9.997-9.997 26.207-9.997 36.204 0l36.203 36.204c9.997 9.997 9.997 26.206 0 36.204l-294.4 294.401c-9.998 9.997-26.207 9.997-36.204-.001z\"><\/path><\/svg>\t\t\t\t\t\t<\/span>\n\t\t\t\t\t\t\t\t\t\t<span class=\"elementor-icon-list-text\">la m\u00e9decine de pr\u00e9cision,<\/span>\n\t\t\t\t\t\t\t\t\t<\/li>\n\t\t\t\t\t\t\t\t<li class=\"elementor-icon-list-item\">\n\t\t\t\t\t\t\t\t\t\t\t<span class=\"elementor-icon-list-icon\">\n\t\t\t\t\t\t\t<svg aria-hidden=\"true\" class=\"e-font-icon-svg e-fas-check\" viewBox=\"0 0 512 512\" xmlns=\"http:\/\/www.w3.org\/2000\/svg\"><path d=\"M173.898 439.404l-166.4-166.4c-9.997-9.997-9.997-26.206 0-36.204l36.203-36.204c9.997-9.998 26.207-9.998 36.204 0L192 312.69 432.095 72.596c9.997-9.997 26.207-9.997 36.204 0l36.203 36.204c9.997 9.997 9.997 26.206 0 36.204l-294.4 294.401c-9.998 9.997-26.207 9.997-36.204-.001z\"><\/path><\/svg>\t\t\t\t\t\t<\/span>\n\t\t\t\t\t\t\t\t\t\t<span class=\"elementor-icon-list-text\">les nouvelles technologies et l\u2019intelligence artificielle (IA),<\/span>\n\t\t\t\t\t\t\t\t\t<\/li>\n\t\t\t\t\t\t\t\t<li class=\"elementor-icon-list-item\">\n\t\t\t\t\t\t\t\t\t\t\t<span class=\"elementor-icon-list-icon\">\n\t\t\t\t\t\t\t<svg aria-hidden=\"true\" class=\"e-font-icon-svg e-fas-check\" viewBox=\"0 0 512 512\" xmlns=\"http:\/\/www.w3.org\/2000\/svg\"><path d=\"M173.898 439.404l-166.4-166.4c-9.997-9.997-9.997-26.206 0-36.204l36.203-36.204c9.997-9.998 26.207-9.998 36.204 0L192 312.69 432.095 72.596c9.997-9.997 26.207-9.997 36.204 0l36.203 36.204c9.997 9.997 9.997 26.206 0 36.204l-294.4 294.401c-9.998 9.997-26.207 9.997-36.204-.001z\"><\/path><\/svg>\t\t\t\t\t\t<\/span>\n\t\t\t\t\t\t\t\t\t\t<span class=\"elementor-icon-list-text\">le r\u00e9seau de sp\u00e9cialistes de haut niveau qui nous entoure,<\/span>\n\t\t\t\t\t\t\t\t\t<\/li>\n\t\t\t\t\t\t\t\t<li class=\"elementor-icon-list-item\">\n\t\t\t\t\t\t\t\t\t\t\t<span class=\"elementor-icon-list-icon\">\n\t\t\t\t\t\t\t<svg aria-hidden=\"true\" class=\"e-font-icon-svg e-fas-check\" viewBox=\"0 0 512 512\" xmlns=\"http:\/\/www.w3.org\/2000\/svg\"><path d=\"M173.898 439.404l-166.4-166.4c-9.997-9.997-9.997-26.206 0-36.204l36.203-36.204c9.997-9.998 26.207-9.998 36.204 0L192 312.69 432.095 72.596c9.997-9.997 26.207-9.997 36.204 0l36.203 36.204c9.997 9.997 9.997 26.206 0 36.204l-294.4 294.401c-9.998 9.997-26.207 9.997-36.204-.001z\"><\/path><\/svg>\t\t\t\t\t\t<\/span>\n\t\t\t\t\t\t\t\t\t\t<span class=\"elementor-icon-list-text\">et surtout, l\u2019intelligence \u00e9motionnelle (IE), c\u0153ur de toute relation humaine et de toute pratique m\u00e9dicale bienveillante.<\/span>\n\t\t\t\t\t\t\t\t\t<\/li>\n\t\t\t\t\t\t<\/ul>\n\t\t\t\t\t\t<\/div>\n\t\t\t\t<\/div>\n\t\t\t\t<div class=\"elementor-element elementor-element-700867a elementor-widget elementor-widget-text-editor\" data-id=\"700867a\" data-element_type=\"widget\" data-widget_type=\"text-editor.default\">\n\t\t\t\t<div class=\"elementor-widget-container\">\n\t\t\t\t\t\t\t\t\t<p data-start=\"1942\" data-end=\"2169\">J\u2019ai toujours consid\u00e9r\u00e9 que la technique ne devait jamais faire oublier la personne. Apr\u00e8s 30 ans de chirurgie, je souhaite d\u00e9sormais accompagner des patients dans une relation de soin plus globale, qu\u2019ils soient op\u00e9r\u00e9s ou non.<\/p>\t\t\t\t\t\t\t\t<\/div>\n\t\t\t\t<\/div>\n\t\t\t\t\t<\/div>\n\t\t\t\t<\/div>\n\t\t<div class=\"elementor-element elementor-element-d0448da e-flex e-con-boxed e-con e-parent\" data-id=\"d0448da\" data-element_type=\"container\">\n\t\t\t\t\t<div class=\"e-con-inner\">\n\t\t\t\t<div class=\"elementor-element elementor-element-362d623 elementor-widget elementor-widget-heading\" data-id=\"362d623\" data-element_type=\"widget\" data-widget_type=\"heading.default\">\n\t\t\t\t<div class=\"elementor-widget-container\">\n\t\t\t\t\t<h2 class=\"elementor-heading-title elementor-size-default\">Mon <b>parcours<\/b> en bref<\/h2>\t\t\t\t<\/div>\n\t\t\t\t<\/div>\n\t\t\t\t\t<\/div>\n\t\t\t\t<\/div>\n\t\t<div class=\"elementor-element elementor-element-315004ad e-flex e-con-boxed e-con e-parent\" data-id=\"315004ad\" data-element_type=\"container\">\n\t\t\t\t\t<div class=\"e-con-inner\">\n\t\t<div class=\"elementor-element elementor-element-5fadc173 e-con-full e-flex e-con e-child\" data-id=\"5fadc173\" data-element_type=\"container\">\n\t\t<div class=\"elementor-element elementor-element-355f420e e-con-full e-flex e-con e-child\" data-id=\"355f420e\" data-element_type=\"container\">\n\t\t\t\t<div class=\"elementor-element elementor-element-6e7e4b70 elementor-widget__width-auto elementor-widget elementor-widget-heading\" data-id=\"6e7e4b70\" data-element_type=\"widget\" data-widget_type=\"heading.default\">\n\t\t\t\t<div class=\"elementor-widget-container\">\n\t\t\t\t\t<span class=\"elementor-heading-title elementor-size-default\">1<\/span>\t\t\t\t<\/div>\n\t\t\t\t<\/div>\n\t\t\t\t<div class=\"elementor-element elementor-element-82326e6 elementor-widget elementor-widget-image-box\" data-id=\"82326e6\" data-element_type=\"widget\" data-widget_type=\"image-box.default\">\n\t\t\t\t<div class=\"elementor-widget-container\">\n\t\t\t\t\t<div class=\"elementor-image-box-wrapper\"><div class=\"elementor-image-box-content\"><h4 class=\"elementor-image-box-title\">Chirurgien cardiovasculaire <\/h4><p class=\"elementor-image-box-description\">\u00e0 l\u2019H\u00f4pital Saint-Pierre<\/p><\/div><\/div>\t\t\t\t<\/div>\n\t\t\t\t<\/div>\n\t\t\t\t<\/div>\n\t\t<div class=\"elementor-element elementor-element-5eac7a69 e-con-full e-flex e-con e-child\" data-id=\"5eac7a69\" data-element_type=\"container\">\n\t\t\t\t<div class=\"elementor-element elementor-element-407402f8 elementor-widget__width-auto elementor-widget elementor-widget-heading\" data-id=\"407402f8\" data-element_type=\"widget\" data-widget_type=\"heading.default\">\n\t\t\t\t<div class=\"elementor-widget-container\">\n\t\t\t\t\t<span class=\"elementor-heading-title elementor-size-default\">2<\/span>\t\t\t\t<\/div>\n\t\t\t\t<\/div>\n\t\t\t\t<div class=\"elementor-element elementor-element-7423b68a elementor-widget elementor-widget-image-box\" data-id=\"7423b68a\" data-element_type=\"widget\" data-widget_type=\"image-box.default\">\n\t\t\t\t<div class=\"elementor-widget-container\">\n\t\t\t\t\t<div class=\"elementor-image-box-wrapper\"><div class=\"elementor-image-box-content\"><h4 class=\"elementor-image-box-title\">Cofondateur de CorQuest Medtech <\/h4><p class=\"elementor-image-box-description\">(innovation chirurgicale)<\/p><\/div><\/div>\t\t\t\t<\/div>\n\t\t\t\t<\/div>\n\t\t\t\t<\/div>\n\t\t<div class=\"elementor-element elementor-element-d2709f3 e-con-full e-flex e-con e-child\" data-id=\"d2709f3\" data-element_type=\"container\">\n\t\t\t\t<div class=\"elementor-element elementor-element-3f819cf elementor-widget__width-auto elementor-widget elementor-widget-heading\" data-id=\"3f819cf\" data-element_type=\"widget\" data-widget_type=\"heading.default\">\n\t\t\t\t<div class=\"elementor-widget-container\">\n\t\t\t\t\t<span class=\"elementor-heading-title elementor-size-default\">3<\/span>\t\t\t\t<\/div>\n\t\t\t\t<\/div>\n\t\t\t\t<div class=\"elementor-element elementor-element-4f46734 elementor-widget elementor-widget-image-box\" data-id=\"4f46734\" data-element_type=\"widget\" data-widget_type=\"image-box.default\">\n\t\t\t\t<div class=\"elementor-widget-container\">\n\t\t\t\t\t<div class=\"elementor-image-box-wrapper\"><div class=\"elementor-image-box-content\"><h4 class=\"elementor-image-box-title\">Engagement actuel <\/h4><p class=\"elementor-image-box-description\">m\u00e9decine de pr\u00e9cision et long\u00e9vit\u00e9<\/p><\/div><\/div>\t\t\t\t<\/div>\n\t\t\t\t<\/div>\n\t\t\t\t<\/div>\n\t\t\t\t<\/div>\n\t\t<div class=\"elementor-element elementor-element-4ccc9006 e-con-full e-flex e-con e-child\" data-id=\"4ccc9006\" data-element_type=\"container\" data-settings=\"{&quot;background_background&quot;:&quot;classic&quot;,&quot;motion_fx_motion_fx_mouse&quot;:&quot;yes&quot;,&quot;motion_fx_tilt_effect&quot;:&quot;yes&quot;,&quot;motion_fx_tilt_speed&quot;:{&quot;unit&quot;:&quot;px&quot;,&quot;size&quot;:1,&quot;sizes&quot;:[]}}\">\n\t\t\t\t<\/div>\n\t\t<div class=\"elementor-element elementor-element-14775c33 e-con-full e-flex e-con e-child\" data-id=\"14775c33\" data-element_type=\"container\">\n\t\t\t\t<div class=\"elementor-element elementor-element-ccad067 elementor-widget__width-auto elementor-widget elementor-widget-heading\" data-id=\"ccad067\" data-element_type=\"widget\" data-widget_type=\"heading.default\">\n\t\t\t\t<div class=\"elementor-widget-container\">\n\t\t\t\t\t<span class=\"elementor-heading-title elementor-size-default\">4<\/span>\t\t\t\t<\/div>\n\t\t\t\t<\/div>\n\t\t<div class=\"elementor-element elementor-element-3666cf5 e-con-full e-flex e-con e-child\" data-id=\"3666cf5\" data-element_type=\"container\">\n\t\t\t\t<div class=\"elementor-element elementor-element-0e66a5d elementor-widget elementor-widget-image-box\" data-id=\"0e66a5d\" data-element_type=\"widget\" data-widget_type=\"image-box.default\">\n\t\t\t\t<div class=\"elementor-widget-container\">\n\t\t\t\t\t<div class=\"elementor-image-box-wrapper\"><div class=\"elementor-image-box-content\"><h4 class=\"elementor-image-box-title\">Collaboration <\/h4><p class=\"elementor-image-box-description\">avec le Dr Laure Ysebrant de Lendonck<\/p><\/div><\/div>\t\t\t\t<\/div>\n\t\t\t\t<\/div>\n\t\t\t\t<\/div>\n\t\t\t\t<div class=\"elementor-element elementor-element-bec4d6b elementor-widget__width-auto elementor-widget elementor-widget-heading\" data-id=\"bec4d6b\" data-element_type=\"widget\" data-widget_type=\"heading.default\">\n\t\t\t\t<div class=\"elementor-widget-container\">\n\t\t\t\t\t<span class=\"elementor-heading-title elementor-size-default\">5<\/span>\t\t\t\t<\/div>\n\t\t\t\t<\/div>\n\t\t<div class=\"elementor-element elementor-element-383a93f0 e-con-full e-flex e-con e-child\" data-id=\"383a93f0\" data-element_type=\"container\">\n\t\t\t\t<div class=\"elementor-element elementor-element-f45782c elementor-widget elementor-widget-image-box\" data-id=\"f45782c\" data-element_type=\"widget\" data-widget_type=\"image-box.default\">\n\t\t\t\t<div class=\"elementor-widget-container\">\n\t\t\t\t\t<div class=\"elementor-image-box-wrapper\"><div class=\"elementor-image-box-content\"><h4 class=\"elementor-image-box-title\">R\u00e9seau <\/h4><p class=\"elementor-image-box-description\">pluridisciplinaire de sp\u00e9cialistes notoires<\/p><\/div><\/div>\t\t\t\t<\/div>\n\t\t\t\t<\/div>\n\t\t\t\t<div class=\"elementor-element elementor-element-1bbee1e elementor-widget__width-auto elementor-widget elementor-widget-heading\" data-id=\"1bbee1e\" data-element_type=\"widget\" data-widget_type=\"heading.default\">\n\t\t\t\t<div class=\"elementor-widget-container\">\n\t\t\t\t\t<span class=\"elementor-heading-title elementor-size-default\">6<\/span>\t\t\t\t<\/div>\n\t\t\t\t<\/div>\n\t\t\t\t<\/div>\n\t\t\t\t<div class=\"elementor-element elementor-element-6564353 elementor-widget elementor-widget-image-box\" data-id=\"6564353\" data-element_type=\"widget\" data-widget_type=\"image-box.default\">\n\t\t\t\t<div class=\"elementor-widget-container\">\n\t\t\t\t\t<div class=\"elementor-image-box-wrapper\"><div class=\"elementor-image-box-content\"><h4 class=\"elementor-image-box-title\">Expertise<\/h4><p class=\"elementor-image-box-description\">nouvelles technologies diagnostiques et th\u00e9rapeutiques cardiaques<\/p><\/div><\/div>\t\t\t\t<\/div>\n\t\t\t\t<\/div>\n\t\t\t\t<\/div>\n\t\t\t\t\t<\/div>\n\t\t\t\t<\/div>\n\t\t<div class=\"elementor-element elementor-element-32c3e736 e-con-full e-flex e-con e-parent\" data-id=\"32c3e736\" data-element_type=\"container\" data-settings=\"{&quot;background_background&quot;:&quot;gradient&quot;}\">\n\t\t\t\t<div class=\"elementor-element elementor-element-a56d6e9 elementor-widget elementor-widget-heading\" data-id=\"a56d6e9\" data-element_type=\"widget\" data-widget_type=\"heading.default\">\n\t\t\t\t<div class=\"elementor-widget-container\">\n\t\t\t\t\t<h2 class=\"elementor-heading-title elementor-size-default\">Me <b>contacter<\/b> pour en savoir plus <br>ou prendre rendez-vous<\/h2>\t\t\t\t<\/div>\n\t\t\t\t<\/div>\n\t\t\t\t<div class=\"elementor-element elementor-element-346b0bb elementor-align-center elementor-widget elementor-widget-button\" data-id=\"346b0bb\" data-element_type=\"widget\" data-widget_type=\"button.default\">\n\t\t\t\t<div class=\"elementor-widget-container\">\n\t\t\t\t\t\t\t\t\t<div class=\"elementor-button-wrapper\">\n\t\t\t\t\t<a class=\"elementor-button elementor-button-link elementor-size-sm elementor-animation-shrink\" href=\"https:\/\/www.doctoranytime.be\/d\/cardiologue\/didier-de-canniere\">\n\t\t\t\t\t\t<span class=\"elementor-button-content-wrapper\">\n\t\t\t\t\t\t\t\t\t<span class=\"elementor-button-text\">Je prends rendez-vous<\/span>\n\t\t\t\t\t<\/span>\n\t\t\t\t\t<\/a>\n\t\t\t\t<\/div>\n\t\t\t\t\t\t\t\t<\/div>\n\t\t\t\t<\/div>\n\t\t\t\t<\/div>\n\t\t\t\t<\/div>\n\t\t","protected":false},"excerpt":{"rendered":"<p>DidierDe Canni\u00e8re Chirurgien cardiovasculaire \u00b7 M\u00e9decine de pr\u00e9cision \u00b7 Long\u00e9vit\u00e9 humaine De la chirurgie du c\u0153ur \u00e0 la science de la long\u00e9vit\u00e9 : une approche personnalis\u00e9e, fond\u00e9e sur la technologie, l\u2019\u00e9motion et l\u2019\u00e9coute. En savoir plus Mot de bienvenue Chers amis, chers patients, Apr\u00e8s des ann\u00e9es consacr\u00e9es \u00e0 la chirurgie cardiovasculaire \u00e0 l\u2019h\u00f4pital Saint-Pierre et [&hellip;]<\/p>\n","protected":false},"author":1,"featured_media":0,"parent":0,"menu_order":0,"comment_status":"closed","ping_status":"closed","template":"elementor_canvas","meta":{"elearning_layout":"tg-site-layout--default","elearning_remove_content_margin":false,"elearning_sidebar":"default","elearning_transparent_header":"customizer","elearning_logo":0,"elearning_header_style":"default","elearning_menu_item_color":"","elearning_menu_item_hover_color":"","elearning_menu_item_active_color":"","elearning_menu_item_active_style":"","elearning_page_header":true,"footnotes":""},"class_list":["post-6","page","type-page","status-publish","hentry"],"_links":{"self":[{"href":"https:\/\/didierdecanniere.be\/index.php\/wp-json\/wp\/v2\/pages\/6","targetHints":{"allow":["GET"]}}],"collection":[{"href":"https:\/\/didierdecanniere.be\/index.php\/wp-json\/wp\/v2\/pages"}],"about":[{"href":"https:\/\/didierdecanniere.be\/index.php\/wp-json\/wp\/v2\/types\/page"}],"author":[{"embeddable":true,"href":"https:\/\/didierdecanniere.be\/index.php\/wp-json\/wp\/v2\/users\/1"}],"replies":[{"embeddable":true,"href":"https:\/\/didierdecanniere.be\/index.php\/wp-json\/wp\/v2\/comments?post=6"}],"version-history":[{"count":115,"href":"https:\/\/didierdecanniere.be\/index.php\/wp-json\/wp\/v2\/pages\/6\/revisions"}],"predecessor-version":[{"id":253,"href":"https:\/\/didierdecanniere.be\/index.php\/wp-json\/wp\/v2\/pages\/6\/revisions\/253"}],"wp:attachment":[{"href":"https:\/\/didierdecanniere.be\/index.php\/wp-json\/wp\/v2\/media?parent=6"}],"curies":[{"name":"wp","href":"https:\/\/api.w.org\/{rel}","templated":true}]}}